{"id":2047,"date":"2025-10-08T13:13:32","date_gmt":"2025-10-08T13:13:32","guid":{"rendered":"https:\/\/riaddarcoram.com\/offres\/"},"modified":"2026-03-12T20:57:42","modified_gmt":"2026-03-12T20:57:42","slug":"offres","status":"publish","type":"page","link":"https:\/\/riaddarcoram.com\/fr\/offres\/","title":{"rendered":"Offres"},"content":{"rendered":"\t\t<div data-elementor-type=\"wp-page\" data-elementor-id=\"2047\" class=\"elementor elementor-2047 elementor-851\" data-elementor-post-type=\"page\">\n\t\t\t\t<div class=\"elementor-element elementor-element-6b0ec26 e-flex e-con-boxed e-con e-parent\" data-id=\"6b0ec26\" data-element_type=\"container\" data-e-type=\"container\" data-settings=\"{&quot;background_background&quot;:&quot;classic&quot;}\">\n\t\t\t\t\t<div class=\"e-con-inner\">\n\t\t<div class=\"elementor-element elementor-element-f1a3db3 e-con-full e-flex e-con e-child\" data-id=\"f1a3db3\" data-element_type=\"container\" data-e-type=\"container\">\n\t\t\t\t<div class=\"elementor-element elementor-element-aa5a2c6 elementor-widget__width-inherit elementor-widget elementor-widget-heading\" data-id=\"aa5a2c6\" data-element_type=\"widget\" data-e-type=\"widget\" data-widget_type=\"heading.default\">\n\t\t\t\t<div class=\"elementor-widget-container\">\n\t\t\t\t\t<h1 class=\"elementor-heading-title elementor-size-default\">Offres exclusives<\/h1>\t\t\t\t<\/div>\n\t\t\t\t<\/div>\n\t\t\t\t<div class=\"elementor-element elementor-element-6381627 elementor-widget__width-initial elementor-widget-laptop__width-initial elementor-widget-tablet__width-inherit elementor-widget elementor-widget-text-editor\" data-id=\"6381627\" data-element_type=\"widget\" data-e-type=\"widget\" data-widget_type=\"text-editor.default\">\n\t\t\t\t<div class=\"elementor-widget-container\">\n\t\t\t\t\t\t\t\t\t<p>R\u00e9servez via notre site web et obtenez plus qu\u2019une simple chambre : le meilleur tarif, une flexibilit\u00e9 totale et quelques attentions particuli\u00e8res qui font toute la diff\u00e9rence.<\/p>\t\t\t\t\t\t\t\t<\/div>\n\t\t\t\t<\/div>\n\t\t\t\t<\/div>\n\t\t\t\t\t<\/div>\n\t\t\t\t<\/div>\n\t\t<div class=\"elementor-element elementor-element-cf940a2 e-flex e-con-boxed e-con e-parent\" data-id=\"cf940a2\" data-element_type=\"container\" data-e-type=\"container\">\n\t\t\t\t\t<div class=\"e-con-inner\">\n\t\t<div class=\"elementor-element elementor-element-3c9b2ca e-con-full e-flex e-con e-child\" data-id=\"3c9b2ca\" data-element_type=\"container\" data-e-type=\"container\">\n\t\t<div class=\"elementor-element elementor-element-4695616 e-con-full e-flex e-con e-child\" data-id=\"4695616\" data-element_type=\"container\" data-e-type=\"container\">\n\t\t\t\t<div class=\"elementor-element elementor-element-25bcbeb elementor-widget__width-initial elementor-widget-laptop__width-inherit elementor-widget elementor-widget-heading\" data-id=\"25bcbeb\" data-element_type=\"widget\" data-e-type=\"widget\" data-widget_type=\"heading.default\">\n\t\t\t\t<div class=\"elementor-widget-container\">\n\t\t\t\t\t<h2 class=\"elementor-heading-title elementor-size-default\">Pourquoi r\u00e9server en direct ?<\/h2>\t\t\t\t<\/div>\n\t\t\t\t<\/div>\n\t\t\t\t<div class=\"elementor-element elementor-element-930e1be elementor-widget elementor-widget-text-editor\" data-id=\"930e1be\" data-element_type=\"widget\" data-e-type=\"widget\" data-widget_type=\"text-editor.default\">\n\t\t\t\t<div class=\"elementor-widget-container\">\n\t\t\t\t\t\t\t\t\t<p>Notre site web affiche toujours le tarif le plus bas disponible \u2014 garanti. Mais le v\u00e9ritable avantage est la relation : lorsque vous r\u00e9servez chez nous, vous vous adressez aux personnes qui vous accueilleront \u00e0 la porte. Annulation gratuite, aucun pr\u00e9paiement et des avantages offerts qui s\u2019enrichissent selon la dur\u00e9e de votre s\u00e9jour.<\/p><p> <\/p><p>Besoin d\u2019organiser quelque chose de sp\u00e9cifique ? Demandez-nous simplement \u2014 il n\u2019y a pas de script ici, seulement des r\u00e9ponses r\u00e9elles de l\u2019\u00e9quipe sur place.<\/p>\t\t\t\t\t\t\t\t<\/div>\n\t\t\t\t<\/div>\n\t\t\t\t<div class=\"elementor-element elementor-element-e81b1b9 elementor-widget elementor-widget-button\" data-id=\"e81b1b9\" data-element_type=\"widget\" data-e-type=\"widget\" data-widget_type=\"button.default\">\n\t\t\t\t<div class=\"elementor-widget-container\">\n\t\t\t\t\t\t\t\t\t<div class=\"elementor-button-wrapper\">\n\t\t\t\t\t<a class=\"elementor-button elementor-button-link elementor-size-sm\" href=\"https:\/\/hotels.cloudbeds.com\/en\/reservation\/0c0EsR\" target=\"_blank\" rel=\"noopener\">\n\t\t\t\t\t\t<span class=\"elementor-button-content-wrapper\">\n\t\t\t\t\t\t<span class=\"elementor-button-icon\">\n\t\t\t\t<i aria-hidden=\"true\" class=\"fas fa-angle-double-right\"><\/i>\t\t\t<\/span>\n\t\t\t\t\t\t\t\t\t<span class=\"elementor-button-text\">R\u00e9servez votre s\u00e9jour<\/span>\n\t\t\t\t\t<\/span>\n\t\t\t\t\t<\/a>\n\t\t\t\t<\/div>\n\t\t\t\t\t\t\t\t<\/div>\n\t\t\t\t<\/div>\n\t\t\t\t<\/div>\n\t\t<div class=\"elementor-element elementor-element-53b9a8d e-con-full e-flex e-con e-child\" data-id=\"53b9a8d\" data-element_type=\"container\" data-e-type=\"container\">\n\t\t<div class=\"elementor-element elementor-element-7ef5070 e-con-full e-flex e-con e-child\" data-id=\"7ef5070\" data-element_type=\"container\" data-e-type=\"container\">\n\t\t\t\t<div class=\"elementor-element elementor-element-ec633d8 elementor-widget elementor-widget-image\" data-id=\"ec633d8\" data-element_type=\"widget\" data-e-type=\"widget\" data-widget_type=\"image.default\">\n\t\t\t\t<div class=\"elementor-widget-container\">\n\t\t\t\t\t\t\t\t\t\t\t\t\t\t\t<img fetchpriority=\"high\" decoding=\"async\" width=\"683\" height=\"1024\" src=\"https:\/\/riaddarcoram.com\/wp-content\/uploads\/2025\/12\/4.-3W7A6535-683x1024.jpg\" class=\"attachment-large size-large wp-image-2033\" alt=\"\" srcset=\"https:\/\/riaddarcoram.com\/wp-content\/uploads\/2025\/12\/4.-3W7A6535-683x1024.jpg 683w, https:\/\/riaddarcoram.com\/wp-content\/uploads\/2025\/12\/4.-3W7A6535-200x300.jpg 200w, https:\/\/riaddarcoram.com\/wp-content\/uploads\/2025\/12\/4.-3W7A6535-768x1152.jpg 768w, https:\/\/riaddarcoram.com\/wp-content\/uploads\/2025\/12\/4.-3W7A6535-1024x1536.jpg 1024w, https:\/\/riaddarcoram.com\/wp-content\/uploads\/2025\/12\/4.-3W7A6535.jpg 1066w\" sizes=\"(max-width: 683px) 100vw, 683px\" \/>\t\t\t\t\t\t\t\t\t\t\t\t\t\t\t<\/div>\n\t\t\t\t<\/div>\n\t\t\t\t<\/div>\n\t\t<div class=\"elementor-element elementor-element-cd5cf2b e-con-full e-flex e-con e-child\" data-id=\"cd5cf2b\" data-element_type=\"container\" data-e-type=\"container\">\n\t\t\t\t<div class=\"elementor-element elementor-element-bc50dfe elementor-widget elementor-widget-image\" data-id=\"bc50dfe\" data-element_type=\"widget\" data-e-type=\"widget\" data-widget_type=\"image.default\">\n\t\t\t\t<div class=\"elementor-widget-container\">\n\t\t\t\t\t\t\t\t\t\t\t\t\t\t\t<img decoding=\"async\" width=\"683\" height=\"1024\" src=\"https:\/\/riaddarcoram.com\/wp-content\/uploads\/2025\/12\/7.-3W7A6542-683x1024.jpg\" class=\"attachment-large size-large wp-image-2035\" alt=\"\" srcset=\"https:\/\/riaddarcoram.com\/wp-content\/uploads\/2025\/12\/7.-3W7A6542-683x1024.jpg 683w, https:\/\/riaddarcoram.com\/wp-content\/uploads\/2025\/12\/7.-3W7A6542-200x300.jpg 200w, https:\/\/riaddarcoram.com\/wp-content\/uploads\/2025\/12\/7.-3W7A6542-768x1152.jpg 768w, https:\/\/riaddarcoram.com\/wp-content\/uploads\/2025\/12\/7.-3W7A6542-1024x1536.jpg 1024w, https:\/\/riaddarcoram.com\/wp-content\/uploads\/2025\/12\/7.-3W7A6542.jpg 1067w\" sizes=\"(max-width: 683px) 100vw, 683px\" \/>\t\t\t\t\t\t\t\t\t\t\t\t\t\t\t<\/div>\n\t\t\t\t<\/div>\n\t\t\t\t<\/div>\n\t\t\t\t<\/div>\n\t\t\t\t<\/div>\n\t\t\t\t\t<\/div>\n\t\t\t\t<\/div>\n\t\t<div class=\"elementor-element elementor-element-f94b0dc e-flex e-con-boxed e-con e-parent\" data-id=\"f94b0dc\" data-element_type=\"container\" data-e-type=\"container\" id=\"offers\" data-settings=\"{&quot;background_background&quot;:&quot;classic&quot;}\">\n\t\t\t\t\t<div class=\"e-con-inner\">\n\t\t<div class=\"elementor-element elementor-element-bd82d46 e-con-full e-flex e-con e-child\" data-id=\"bd82d46\" data-element_type=\"container\" data-e-type=\"container\">\n\t\t\t\t<div class=\"elementor-element elementor-element-0c99809 elementor-widget elementor-widget-heading\" data-id=\"0c99809\" data-element_type=\"widget\" data-e-type=\"widget\" data-widget_type=\"heading.default\">\n\t\t\t\t<div class=\"elementor-widget-container\">\n\t\t\t\t\t<h2 class=\"elementor-heading-title elementor-size-default\">D\u00e9tail des offres<\/h2>\t\t\t\t<\/div>\n\t\t\t\t<\/div>\n\t\t\t\t<div class=\"elementor-element elementor-element-39d8f91 elementor-widget__width-initial elementor-widget-mobile__width-inherit elementor-widget elementor-widget-text-editor\" data-id=\"39d8f91\" data-element_type=\"widget\" data-e-type=\"widget\" data-widget_type=\"text-editor.default\">\n\t\t\t\t<div class=\"elementor-widget-container\">\n\t\t\t\t\t\t\t\t\t<p>Disponible uniquement lors d\u2019une r\u00e9servation sur notre site web \u2014 jamais via un tiers.<\/p>\t\t\t\t\t\t\t\t<\/div>\n\t\t\t\t<\/div>\n\t\t<div class=\"elementor-element elementor-element-c6fcf9e e-grid e-con-full e-con e-child\" data-id=\"c6fcf9e\" data-element_type=\"container\" data-e-type=\"container\">\n\t\t<div class=\"elementor-element elementor-element-6141381 e-con-full e-flex e-con e-child\" data-id=\"6141381\" data-element_type=\"container\" data-e-type=\"container\" data-settings=\"{&quot;background_background&quot;:&quot;classic&quot;}\">\n\t\t\t\t<div class=\"elementor-element elementor-element-774e180 elementor-widget elementor-widget-image\" data-id=\"774e180\" data-element_type=\"widget\" data-e-type=\"widget\" data-widget_type=\"image.default\">\n\t\t\t\t<div class=\"elementor-widget-container\">\n\t\t\t\t\t\t\t\t\t\t\t\t\t\t\t<img decoding=\"async\" width=\"1024\" height=\"683\" src=\"https:\/\/riaddarcoram.com\/wp-content\/uploads\/2025\/12\/3W7A9988-1024x683.jpg\" class=\"attachment-large size-large wp-image-2002\" alt=\"\" srcset=\"https:\/\/riaddarcoram.com\/wp-content\/uploads\/2025\/12\/3W7A9988-1024x683.jpg 1024w, https:\/\/riaddarcoram.com\/wp-content\/uploads\/2025\/12\/3W7A9988-300x200.jpg 300w, https:\/\/riaddarcoram.com\/wp-content\/uploads\/2025\/12\/3W7A9988-768x512.jpg 768w, https:\/\/riaddarcoram.com\/wp-content\/uploads\/2025\/12\/3W7A9988-1536x1024.jpg 1536w, https:\/\/riaddarcoram.com\/wp-content\/uploads\/2025\/12\/3W7A9988-2048x1365.jpg 2048w\" sizes=\"(max-width: 1024px) 100vw, 1024px\" \/>\t\t\t\t\t\t\t\t\t\t\t\t\t\t\t<\/div>\n\t\t\t\t<\/div>\n\t\t\t\t<div class=\"elementor-element elementor-element-8e72d92 elementor-widget elementor-widget-heading\" data-id=\"8e72d92\" data-element_type=\"widget\" data-e-type=\"widget\" data-widget_type=\"heading.default\">\n\t\t\t\t<div class=\"elementor-widget-container\">\n\t\t\t\t\t<h3 class=\"elementor-heading-title elementor-size-default\">S\u00e9jour d\u2019une nuit<\/h3>\t\t\t\t<\/div>\n\t\t\t\t<\/div>\n\t\t\t\t<div class=\"elementor-element elementor-element-376c707 elementor-widget elementor-widget-text-editor\" data-id=\"376c707\" data-element_type=\"widget\" data-e-type=\"widget\" data-widget_type=\"text-editor.default\">\n\t\t\t\t<div class=\"elementor-widget-container\">\n\t\t\t\t\t\t\t\t\t<p>B\u00e9n\u00e9ficiez d\u2019un tarif pr\u00e9f\u00e9rentiel pour un s\u00e9jour d\u2019une nuit plus :  <\/p>\t\t\t\t\t\t\t\t<\/div>\n\t\t\t\t<\/div>\n\t\t\t\t<div class=\"elementor-element elementor-element-cae42cd elementor-icon-list--layout-traditional elementor-list-item-link-full_width elementor-widget elementor-widget-icon-list\" data-id=\"cae42cd\" data-element_type=\"widget\" data-e-type=\"widget\" data-widget_type=\"icon-list.default\">\n\t\t\t\t<div class=\"elementor-widget-container\">\n\t\t\t\t\t\t\t<ul class=\"elementor-icon-list-items\">\n\t\t\t\t\t\t\t<li class=\"elementor-icon-list-item\">\n\t\t\t\t\t\t\t\t\t\t\t<span class=\"elementor-icon-list-icon\">\n\t\t\t\t\t\t\t<i aria-hidden=\"true\" class=\"fas fa-check-circle\"><\/i>\t\t\t\t\t\t<\/span>\n\t\t\t\t\t\t\t\t\t\t<span class=\"elementor-icon-list-text\">Annulation gratuite sans pr\u00e9paiement<\/span>\n\t\t\t\t\t\t\t\t\t<\/li>\n\t\t\t\t\t\t\t\t<li class=\"elementor-icon-list-item\">\n\t\t\t\t\t\t\t\t\t\t\t<span class=\"elementor-icon-list-icon\">\n\t\t\t\t\t\t\t<i aria-hidden=\"true\" class=\"fas fa-check-circle\"><\/i>\t\t\t\t\t\t<\/span>\n\t\t\t\t\t\t\t\t\t\t<span class=\"elementor-icon-list-text\">Surclassement de chambre offert<\/span>\n\t\t\t\t\t\t\t\t\t<\/li>\n\t\t\t\t\t\t<\/ul>\n\t\t\t\t\t\t<\/div>\n\t\t\t\t<\/div>\n\t\t\t\t<\/div>\n\t\t<div class=\"elementor-element elementor-element-f715186 e-con-full e-flex e-con e-child\" data-id=\"f715186\" data-element_type=\"container\" data-e-type=\"container\" data-settings=\"{&quot;background_background&quot;:&quot;classic&quot;}\">\n\t\t\t\t<div class=\"elementor-element elementor-element-c2b199a elementor-widget elementor-widget-image\" data-id=\"c2b199a\" data-element_type=\"widget\" data-e-type=\"widget\" data-widget_type=\"image.default\">\n\t\t\t\t<div class=\"elementor-widget-container\">\n\t\t\t\t\t\t\t\t\t\t\t\t\t\t\t<img loading=\"lazy\" decoding=\"async\" width=\"1024\" height=\"683\" src=\"https:\/\/riaddarcoram.com\/wp-content\/uploads\/2025\/12\/3W7A8476-1024x683.jpg\" class=\"attachment-large size-large wp-image-1990\" alt=\"\" srcset=\"https:\/\/riaddarcoram.com\/wp-content\/uploads\/2025\/12\/3W7A8476-1024x683.jpg 1024w, https:\/\/riaddarcoram.com\/wp-content\/uploads\/2025\/12\/3W7A8476-300x200.jpg 300w, https:\/\/riaddarcoram.com\/wp-content\/uploads\/2025\/12\/3W7A8476-768x512.jpg 768w, https:\/\/riaddarcoram.com\/wp-content\/uploads\/2025\/12\/3W7A8476-1536x1024.jpg 1536w, https:\/\/riaddarcoram.com\/wp-content\/uploads\/2025\/12\/3W7A8476-2048x1365.jpg 2048w\" sizes=\"(max-width: 1024px) 100vw, 1024px\" \/>\t\t\t\t\t\t\t\t\t\t\t\t\t\t\t<\/div>\n\t\t\t\t<\/div>\n\t\t\t\t<div class=\"elementor-element elementor-element-5aed06d elementor-widget elementor-widget-heading\" data-id=\"5aed06d\" data-element_type=\"widget\" data-e-type=\"widget\" data-widget_type=\"heading.default\">\n\t\t\t\t<div class=\"elementor-widget-container\">\n\t\t\t\t\t<h3 class=\"elementor-heading-title elementor-size-default\">S\u00e9jour de deux nuits<\/h3>\t\t\t\t<\/div>\n\t\t\t\t<\/div>\n\t\t\t\t<div class=\"elementor-element elementor-element-7dbc3fc elementor-widget elementor-widget-text-editor\" data-id=\"7dbc3fc\" data-element_type=\"widget\" data-e-type=\"widget\" data-widget_type=\"text-editor.default\">\n\t\t\t\t<div class=\"elementor-widget-container\">\n\t\t\t\t\t\t\t\t\t<p>B\u00e9n\u00e9ficiez d\u2019un tarif pr\u00e9f\u00e9rentiel pour un s\u00e9jour de deux nuits plus :  <\/p>\t\t\t\t\t\t\t\t<\/div>\n\t\t\t\t<\/div>\n\t\t\t\t<div class=\"elementor-element elementor-element-60f2348 elementor-icon-list--layout-traditional elementor-list-item-link-full_width elementor-widget elementor-widget-icon-list\" data-id=\"60f2348\" data-element_type=\"widget\" data-e-type=\"widget\" data-widget_type=\"icon-list.default\">\n\t\t\t\t<div class=\"elementor-widget-container\">\n\t\t\t\t\t\t\t<ul class=\"elementor-icon-list-items\">\n\t\t\t\t\t\t\t<li class=\"elementor-icon-list-item\">\n\t\t\t\t\t\t\t\t\t\t\t<span class=\"elementor-icon-list-icon\">\n\t\t\t\t\t\t\t<i aria-hidden=\"true\" class=\"fas fa-check-circle\"><\/i>\t\t\t\t\t\t<\/span>\n\t\t\t\t\t\t\t\t\t\t<span class=\"elementor-icon-list-text\">Annulation gratuite sans pr\u00e9paiement<\/span>\n\t\t\t\t\t\t\t\t\t<\/li>\n\t\t\t\t\t\t\t\t<li class=\"elementor-icon-list-item\">\n\t\t\t\t\t\t\t\t\t\t\t<span class=\"elementor-icon-list-icon\">\n\t\t\t\t\t\t\t<i aria-hidden=\"true\" class=\"fas fa-check-circle\"><\/i>\t\t\t\t\t\t<\/span>\n\t\t\t\t\t\t\t\t\t\t<span class=\"elementor-icon-list-text\">Surclassement de chambre offert<\/span>\n\t\t\t\t\t\t\t\t\t<\/li>\n\t\t\t\t\t\t\t\t<li class=\"elementor-icon-list-item\">\n\t\t\t\t\t\t\t\t\t\t\t<span class=\"elementor-icon-list-icon\">\n\t\t\t\t\t\t\t<i aria-hidden=\"true\" class=\"fas fa-check-circle\"><\/i>\t\t\t\t\t\t<\/span>\n\t\t\t\t\t\t\t\t\t\t<span class=\"elementor-icon-list-text\">D\u00eener de bienvenue offert<\/span>\n\t\t\t\t\t\t\t\t\t<\/li>\n\t\t\t\t\t\t<\/ul>\n\t\t\t\t\t\t<\/div>\n\t\t\t\t<\/div>\n\t\t\t\t<\/div>\n\t\t<div class=\"elementor-element elementor-element-cd85428 e-con-full e-flex e-con e-child\" data-id=\"cd85428\" data-element_type=\"container\" data-e-type=\"container\" data-settings=\"{&quot;background_background&quot;:&quot;classic&quot;}\">\n\t\t\t\t<div class=\"elementor-element elementor-element-d2ac4e7 elementor-widget elementor-widget-image\" data-id=\"d2ac4e7\" data-element_type=\"widget\" data-e-type=\"widget\" data-widget_type=\"image.default\">\n\t\t\t\t<div class=\"elementor-widget-container\">\n\t\t\t\t\t\t\t\t\t\t\t\t\t\t\t<img loading=\"lazy\" decoding=\"async\" width=\"1024\" height=\"683\" src=\"https:\/\/riaddarcoram.com\/wp-content\/uploads\/2025\/12\/3W7A0092-1024x683.jpg\" class=\"attachment-large size-large wp-image-2012\" alt=\"\" srcset=\"https:\/\/riaddarcoram.com\/wp-content\/uploads\/2025\/12\/3W7A0092-1024x683.jpg 1024w, https:\/\/riaddarcoram.com\/wp-content\/uploads\/2025\/12\/3W7A0092-300x200.jpg 300w, https:\/\/riaddarcoram.com\/wp-content\/uploads\/2025\/12\/3W7A0092-768x512.jpg 768w, https:\/\/riaddarcoram.com\/wp-content\/uploads\/2025\/12\/3W7A0092-1536x1024.jpg 1536w, https:\/\/riaddarcoram.com\/wp-content\/uploads\/2025\/12\/3W7A0092-2048x1365.jpg 2048w\" sizes=\"(max-width: 1024px) 100vw, 1024px\" \/>\t\t\t\t\t\t\t\t\t\t\t\t\t\t\t<\/div>\n\t\t\t\t<\/div>\n\t\t\t\t<div class=\"elementor-element elementor-element-42c8127 elementor-widget elementor-widget-heading\" data-id=\"42c8127\" data-element_type=\"widget\" data-e-type=\"widget\" data-widget_type=\"heading.default\">\n\t\t\t\t<div class=\"elementor-widget-container\">\n\t\t\t\t\t<h3 class=\"elementor-heading-title elementor-size-default\">S\u00e9jour de trois nuits ou plus<\/h3>\t\t\t\t<\/div>\n\t\t\t\t<\/div>\n\t\t\t\t<div class=\"elementor-element elementor-element-ff2aecd elementor-widget elementor-widget-text-editor\" data-id=\"ff2aecd\" data-element_type=\"widget\" data-e-type=\"widget\" data-widget_type=\"text-editor.default\">\n\t\t\t\t<div class=\"elementor-widget-container\">\n\t\t\t\t\t\t\t\t\t<p>B\u00e9n\u00e9ficiez d\u2019un tarif pr\u00e9f\u00e9rentiel pour un s\u00e9jour de trois nuits ou plus plus :  <\/p>\t\t\t\t\t\t\t\t<\/div>\n\t\t\t\t<\/div>\n\t\t\t\t<div class=\"elementor-element elementor-element-550b71d elementor-icon-list--layout-traditional elementor-list-item-link-full_width elementor-widget elementor-widget-icon-list\" data-id=\"550b71d\" data-element_type=\"widget\" data-e-type=\"widget\" data-widget_type=\"icon-list.default\">\n\t\t\t\t<div class=\"elementor-widget-container\">\n\t\t\t\t\t\t\t<ul class=\"elementor-icon-list-items\">\n\t\t\t\t\t\t\t<li class=\"elementor-icon-list-item\">\n\t\t\t\t\t\t\t\t\t\t\t<span class=\"elementor-icon-list-icon\">\n\t\t\t\t\t\t\t<i aria-hidden=\"true\" class=\"fas fa-check-circle\"><\/i>\t\t\t\t\t\t<\/span>\n\t\t\t\t\t\t\t\t\t\t<span class=\"elementor-icon-list-text\">Annulation gratuite sans pr\u00e9paiement<\/span>\n\t\t\t\t\t\t\t\t\t<\/li>\n\t\t\t\t\t\t\t\t<li class=\"elementor-icon-list-item\">\n\t\t\t\t\t\t\t\t\t\t\t<span class=\"elementor-icon-list-icon\">\n\t\t\t\t\t\t\t<i aria-hidden=\"true\" class=\"fas fa-check-circle\"><\/i>\t\t\t\t\t\t<\/span>\n\t\t\t\t\t\t\t\t\t\t<span class=\"elementor-icon-list-text\">Surclassement de chambre offert<\/span>\n\t\t\t\t\t\t\t\t\t<\/li>\n\t\t\t\t\t\t\t\t<li class=\"elementor-icon-list-item\">\n\t\t\t\t\t\t\t\t\t\t\t<span class=\"elementor-icon-list-icon\">\n\t\t\t\t\t\t\t<i aria-hidden=\"true\" class=\"fas fa-check-circle\"><\/i>\t\t\t\t\t\t<\/span>\n\t\t\t\t\t\t\t\t\t\t<span class=\"elementor-icon-list-text\">D\u00eener de bienvenue offert<\/span>\n\t\t\t\t\t\t\t\t\t<\/li>\n\t\t\t\t\t\t\t\t<li class=\"elementor-icon-list-item\">\n\t\t\t\t\t\t\t\t\t\t\t<span class=\"elementor-icon-list-icon\">\n\t\t\t\t\t\t\t<i aria-hidden=\"true\" class=\"fas fa-check-circle\"><\/i>\t\t\t\t\t\t<\/span>\n\t\t\t\t\t\t\t\t\t\t<span class=\"elementor-icon-list-text\">Transfert a\u00e9roport offert<\/span>\n\t\t\t\t\t\t\t\t\t<\/li>\n\t\t\t\t\t\t<\/ul>\n\t\t\t\t\t\t<\/div>\n\t\t\t\t<\/div>\n\t\t\t\t<\/div>\n\t\t\t\t<\/div>\n\t\t\t\t<div class=\"elementor-element elementor-element-06fbc64 elementor-widget elementor-widget-button\" data-id=\"06fbc64\" data-element_type=\"widget\" data-e-type=\"widget\" data-widget_type=\"button.default\">\n\t\t\t\t<div class=\"elementor-widget-container\">\n\t\t\t\t\t\t\t\t\t<div class=\"elementor-button-wrapper\">\n\t\t\t\t\t<a class=\"elementor-button elementor-button-link elementor-size-sm elementor-animation-float\" href=\"https:\/\/hotels.cloudbeds.com\/en\/reservation\/0c0EsR\" target=\"_blank\" rel=\"noopener\">\n\t\t\t\t\t\t<span class=\"elementor-button-content-wrapper\">\n\t\t\t\t\t\t<span class=\"elementor-button-icon\">\n\t\t\t\t<i aria-hidden=\"true\" class=\"fas fa-angle-double-right\"><\/i>\t\t\t<\/span>\n\t\t\t\t\t\t\t\t\t<span class=\"elementor-button-text\">R\u00e9servez votre s\u00e9jour<\/span>\n\t\t\t\t\t<\/span>\n\t\t\t\t\t<\/a>\n\t\t\t\t<\/div>\n\t\t\t\t\t\t\t\t<\/div>\n\t\t\t\t<\/div>\n\t\t\t\t<\/div>\n\t\t\t\t\t<\/div>\n\t\t\t\t<\/div>\n\t\t\t\t<\/div>\n\t\t","protected":false},"excerpt":{"rendered":"<p>Offres exclusives R\u00e9servez via notre site web et obtenez plus qu\u2019une simple chambre : le meilleur tarif, une flexibilit\u00e9 totale et quelques attentions particuli\u00e8res qui font toute la diff\u00e9rence. Pourquoi r\u00e9server en direct ? Notre site web affiche toujours le tarif le plus bas disponible \u2014 garanti. Mais le v\u00e9ritable avantage est la relation : [&hellip;]<\/p>\n","protected":false},"author":1,"featured_media":1866,"parent":0,"menu_order":0,"comment_status":"closed","ping_status":"closed","template":"","meta":{"_acf_changed":false,"inline_featured_image":false,"footnotes":""},"class_list":["post-2047","page","type-page","status-publish","has-post-thumbnail","hentry"],"blocksy_meta":[],"acf":[],"_links":{"self":[{"href":"https:\/\/riaddarcoram.com\/fr\/wp-json\/wp\/v2\/pages\/2047","targetHints":{"allow":["GET"]}}],"collection":[{"href":"https:\/\/riaddarcoram.com\/fr\/wp-json\/wp\/v2\/pages"}],"about":[{"href":"https:\/\/riaddarcoram.com\/fr\/wp-json\/wp\/v2\/types\/page"}],"author":[{"embeddable":true,"href":"https:\/\/riaddarcoram.com\/fr\/wp-json\/wp\/v2\/users\/1"}],"replies":[{"embeddable":true,"href":"https:\/\/riaddarcoram.com\/fr\/wp-json\/wp\/v2\/comments?post=2047"}],"version-history":[{"count":2,"href":"https:\/\/riaddarcoram.com\/fr\/wp-json\/wp\/v2\/pages\/2047\/revisions"}],"predecessor-version":[{"id":2155,"href":"https:\/\/riaddarcoram.com\/fr\/wp-json\/wp\/v2\/pages\/2047\/revisions\/2155"}],"wp:featuredmedia":[{"embeddable":true,"href":"https:\/\/riaddarcoram.com\/fr\/wp-json\/wp\/v2\/media\/1866"}],"wp:attachment":[{"href":"https:\/\/riaddarcoram.com\/fr\/wp-json\/wp\/v2\/media?parent=2047"}],"curies":[{"name":"wp","href":"https:\/\/api.w.org\/{rel}","templated":true}]}}